{"id":3,"date":"2023-06-15T09:47:17","date_gmt":"2023-06-15T09:47:17","guid":{"rendered":"https:\/\/beratung.vamtam.com\/?page_id=3"},"modified":"2025-12-09T09:49:12","modified_gmt":"2025-12-09T08:49:12","slug":"informazioni-legali","status":"publish","type":"page","link":"https:\/\/lafrenchtechitaly.com\/it\/mentions-legales\/","title":{"rendered":"Informazioni legali"},"content":{"rendered":"\t\t<div data-elementor-type=\"wp-page\" data-elementor-id=\"3\" class=\"elementor elementor-3\" data-elementor-post-type=\"page\">\n\t\t\t\t\t\t<section class=\"elementor-section elementor-top-section elementor-element elementor-element-131db5f elementor-section-full_width elementor-section-content-middle elementor-section-height-default elementor-section-height-default\" data-id=\"131db5f\" data-element_type=\"section\" data-e-type=\"section\">\n\t\t\t\t\t\t<div class=\"elementor-container elementor-column-gap-no\">\n\t\t\t\t\t<div class=\"elementor-column elementor-col-100 elementor-top-column elementor-element elementor-element-8e0feea\" data-id=\"8e0feea\" data-element_type=\"column\" data-e-type=\"column\">\n\t\t\t<div class=\"elementor-widget-wrap elementor-element-populated\">\n\t\t\t\t\t\t<section class=\"elementor-section elementor-inner-section elementor-element elementor-element-30995f5 elementor-section-boxed elementor-section-height-default elementor-section-height-default\" data-id=\"30995f5\" data-element_type=\"section\" data-e-type=\"section\">\n\t\t\t\t\t\t<div class=\"elementor-container elementor-column-gap-no\">\n\t\t\t\t\t<div class=\"elementor-column elementor-col-100 elementor-inner-column elementor-element elementor-element-a2472e3\" data-id=\"a2472e3\" data-element_type=\"column\" data-e-type=\"column\">\n\t\t\t<div class=\"elementor-widget-wrap elementor-element-populated\">\n\t\t\t\t\t\t<div class=\"vamtam-has-theme-widget-styles elementor-element elementor-element-7c7b31a elementor-widget elementor-widget-text-editor\" data-id=\"7c7b31a\" data-element_type=\"widget\" data-e-type=\"widget\" data-widget_type=\"text-editor.default\">\n\t\t\t\t<div class=\"elementor-widget-container\">\n\t\t\t\t\t\t\t\t\t<p data-start=\"221\" data-end=\"539\">Conform\u00e9ment aux dispositions des Articles 6-III et 19 de la Loi n\u00b02004-575 du 21 juin 2004 pour la Confiance dans l\u2019\u00e9conomie num\u00e9rique, il est port\u00e9 \u00e0 la connaissance des internautes visiteurs, utilisateurs et clients du site lafrenchtechitaly.com les pr\u00e9sentes mentions l\u00e9gales, qui pr\u00e9valent sur l\u2019ensemble du site.<\/p><p data-start=\"541\" data-end=\"805\">Aussi l\u2019acc\u00e8s, la connexion et l\u2019utilisation du site lafrenchtechitaly.com impliquent l\u2019acceptation int\u00e9grale et sans aucune r\u00e9serve des internautes visiteurs, utilisateurs et clients de toutes les dispositions des pr\u00e9sentes mentions l\u00e9gales dans leur int\u00e9gralit\u00e9.<\/p><h3 data-start=\"807\" data-end=\"1044\">Article 1 &#8211; Informations l\u00e9gales<\/h3><p data-start=\"807\" data-end=\"1044\"><br data-start=\"839\" data-end=\"842\" \/>En vertu de l\u2019article 6 de la Loi n\u00b02004-575 du 21 juin 2004 pour la Confiance dans l\u2019\u00e9conomie num\u00e9rique, il est pr\u00e9cis\u00e9 l\u2019identit\u00e9 des diff\u00e9rents intervenants responsables du site lafrenchtechitaly.com<\/p><p data-start=\"1046\" data-end=\"1463\">\u00c9dition :<br data-start=\"1055\" data-end=\"1058\" \/>D\u00e9nomination : La French Tech Italy<br data-start=\"1093\" data-end=\"1096\" \/>Statut : Communaut\u00e9 French Tech reconnue par l\u2019\u00c9tat fran\u00e7ais<br data-start=\"1156\" data-end=\"1159\" \/>Adresse : Si\u00e8ge op\u00e9rationnel, Milan, Italie<br data-start=\"1202\" data-end=\"1205\" \/>E-mail de contact : <a class=\"decorated-link cursor-pointer\" rel=\"noopener\" data-start=\"1225\" data-end=\"1251\">ciao@lafrenchtechitaly.com<\/a><br data-start=\"1251\" data-end=\"1254\" \/>Statut juridique : Association loi 1901 d\u00e9clar\u00e9e en France \/ Communaut\u00e9 French Tech labellis\u00e9e par la Mission French Tech (Minist\u00e8re de l\u2019\u00c9conomie, des Finances et de la Souverainet\u00e9 industrielle et num\u00e9rique)<\/p><p data-start=\"1465\" data-end=\"1628\">Publication :<br data-start=\"1478\" data-end=\"1481\" \/>Le directeur de la publication est David C\u00e9zon, Pr\u00e9sident de La French Tech Italy<br data-start=\"1562\" data-end=\"1565\" \/>Adresse : Milan, Italie<br data-start=\"1588\" data-end=\"1591\" \/>E-mail : <a class=\"decorated-link cursor-pointer\" rel=\"noopener\" data-start=\"1600\" data-end=\"1626\">ciao@lafrenchtechitaly.com<\/a><\/p><p data-start=\"213\" data-end=\"426\">Cr\u00e9ation du site :<br data-start=\"121\" data-end=\"124\" \/>La direction artistique, la conception et le d\u00e9veloppement du site ont \u00e9t\u00e9 r\u00e9alis\u00e9s par :<br data-start=\"213\" data-end=\"216\" \/>Pure Moment Agency (Marseille, France)<br data-start=\"254\" data-end=\"257\" \/>Contact : <a class=\"decorated-link cursor-pointer\" rel=\"noopener\" data-start=\"267\" data-end=\"288\" data-is-last-node=\"\">alberto@puremoment.fr<\/a><\/p><p data-start=\"1630\" data-end=\"1789\">H\u00e9bergement :<br data-start=\"1643\" data-end=\"1646\" \/>D\u00e9nomination : OVH SAS<br data-start=\"1668\" data-end=\"1671\" \/>Adresse : 2 rue Kellermann \u2013 59100 Roubaix \u2013 France<br data-start=\"1722\" data-end=\"1725\" \/>T\u00e9l\u00e9phone : +33 9 72 10 10 10<br data-start=\"1754\" data-end=\"1757\" \/>Site web : <a class=\"decorated-link\" href=\"https:\/\/www.ovh.com\" target=\"_new\" rel=\"noopener\" data-start=\"1768\" data-end=\"1787\">https:\/\/www.ovh.com<\/a><\/p><h3 data-start=\"1791\" data-end=\"2143\">Article 2 \u2013 Donn\u00e9es personnelles et confidentialit\u00e9<\/h3><p data-start=\"1791\" data-end=\"2143\"><br data-start=\"1842\" data-end=\"1845\" \/>Conform\u00e9ment \u00e0 l\u2019article 13 du r\u00e8glement (UE) 2016\/679 du Parlement Europ\u00e9en et du Conseil du 27 avril 2016, l\u2019utilisateur est inform\u00e9 que le site peut collecter des donn\u00e9es \u00e0 caract\u00e8re personnel via :<br data-start=\"2046\" data-end=\"2049\" \/>\u2013 formulaire de contact<br data-start=\"2072\" data-end=\"2075\" \/>\u2013 inscription \u00e0 des \u00e9v\u00e9nements<br data-start=\"2105\" data-end=\"2108\" \/>\u2013 interaction via r\u00e9seaux sociaux<\/p><p data-start=\"2145\" data-end=\"2428\">Finalit\u00e9 :<br data-start=\"2155\" data-end=\"2158\" \/>Les donn\u00e9es collect\u00e9es servent uniquement \u00e0 traiter les demandes des utilisateurs, organiser des \u00e9v\u00e9nements et communiquer sur les activit\u00e9s et actualit\u00e9s de La French Tech Italy.<br data-start=\"2337\" data-end=\"2340\" \/>Aucune donn\u00e9e n\u2019est vendue, c\u00e9d\u00e9e ou transf\u00e9r\u00e9e \u00e0 des tiers sans consentement pr\u00e9alable.<\/p><p data-start=\"2430\" data-end=\"2616\">Droits utilisateurs :<br data-start=\"2451\" data-end=\"2454\" \/>L\u2019utilisateur dispose d\u2019un droit d\u2019acc\u00e8s, de rectification, de suppression, d\u2019opposition et de portabilit\u00e9.<br data-start=\"2561\" data-end=\"2564\" \/>Pour exercer ces droits : <a class=\"decorated-link cursor-pointer\" rel=\"noopener\" data-start=\"2590\" data-end=\"2616\">ciao@lafrenchtechitaly.com<\/a><\/p><h3 data-start=\"2618\" data-end=\"2934\">Article 3 \u2013 Loi informatique et libert\u00e9s<\/h3><p data-start=\"2618\" data-end=\"2934\"><br data-start=\"2658\" data-end=\"2661\" \/>Conform\u00e9ment \u00e0 la Loi \u00ab Informatique et Libert\u00e9s \u00bb du 6 janvier 1978, l\u2019utilisateur peut exercer ses droits en adressant une demande par e-mail, accompagn\u00e9e d\u2019une pi\u00e8ce d\u2019identit\u00e9, \u00e0 l\u2019adresse mentionn\u00e9e ci-dessus. L\u2019\u00e9diteur s\u2019engage \u00e0 y r\u00e9pondre dans les meilleurs d\u00e9lais.<\/p><h3 data-start=\"2936\" data-end=\"3193\">Article 4 \u2013 Politique de cookies<\/h3><p data-start=\"2936\" data-end=\"3193\"><br data-start=\"2968\" data-end=\"2971\" \/>Le site peut utiliser des cookies n\u00e9cessaires \u00e0 son fonctionnement, ainsi que des cookies analytiques ou de mesure d\u2019audience.<br data-start=\"3097\" data-end=\"3100\" \/>L\u2019utilisateur peut configurer ou refuser ces cookies depuis les param\u00e8tres de son navigateur.<\/p><h3 data-start=\"3195\" data-end=\"3754\">Article 5 \u2013 Droit d\u2019auteur, de propri\u00e9t\u00e9 intellectuelle et copyright<\/h3><p data-start=\"3195\" data-end=\"3754\"><br data-start=\"3263\" data-end=\"3266\" \/>L\u2019ensemble du site (textes, \u00e9l\u00e9ments graphiques, images, logos, vid\u00e9os, structure, architecture) est prot\u00e9g\u00e9 par le droit d\u2019auteur et le droit de la propri\u00e9t\u00e9 intellectuelle.<br data-start=\"3440\" data-end=\"3443\" \/>Toute reproduction, repr\u00e9sentation, modification ou adaptation, totale ou partielle, est strictement interdite sans autorisation \u00e9crite pr\u00e9alable de La French Tech Italy.<br data-start=\"3613\" data-end=\"3616\" \/>Les logos \u00ab French Tech \u00bb et \u00ab La French Tech Italy \u00bb sont des marques prot\u00e9g\u00e9es appartenant \u00e0 l\u2019\u00c9tat fran\u00e7ais et\/ou \u00e0 leurs ayants droit.<\/p><h3 data-start=\"3756\" data-end=\"4117\">Article 6 \u2013 Gestion de liens hypertextes<\/h3><p data-start=\"3756\" data-end=\"4117\"><br data-start=\"3796\" data-end=\"3799\" \/>Toute mise en place de lien hypertexte vers tout ou partie du site lafrenchtechitaly.com est interdite sans autorisation \u00e9crite pr\u00e9alable.<br data-start=\"3937\" data-end=\"3940\" \/>Le site peut contenir des liens renvoyant vers des sites tiers ; La French Tech Italy ne peut \u00eatre tenue responsable du contenu ou des pratiques de confidentialit\u00e9 de ces sites.<\/p><h3 data-start=\"4119\" data-end=\"4467\">Article 7 \u2013 Limites de responsabilit\u00e9s<\/h3><p data-start=\"4119\" data-end=\"4467\"><br data-start=\"4157\" data-end=\"4160\" \/>Le site lafrenchtechitaly.com est accessible 24h\/24 et 7j\/7, sauf interruption pour maintenance ou cas de force majeure.<br data-start=\"4280\" data-end=\"4283\" \/>La French Tech Italy ne saurait \u00eatre tenue responsable d\u2019erreurs, d\u2019omissions, d\u2019inexactitudes \u00e9ventuelles, ni de dommages r\u00e9sultant de l\u2019utilisation du site ou de son indisponibilit\u00e9.<\/p><h3 data-start=\"4469\" data-end=\"4699\">Article 8 \u2013 Droit et attribution de juridiction<\/h3><p data-start=\"4469\" data-end=\"4699\"><br data-start=\"4516\" data-end=\"4519\" \/>Le site lafrenchtechitaly.com est r\u00e9gi par la l\u00e9gislation fran\u00e7aise.<br data-start=\"4587\" data-end=\"4590\" \/>En cas de litige, et sauf dispositions d\u2019ordre public, seules les juridictions fran\u00e7aises seront comp\u00e9tentes.<\/p><h3 data-start=\"4701\" data-end=\"4889\">Article 9 \u2013 Modification des mentions l\u00e9gales<\/h3><p data-start=\"4701\" data-end=\"4889\"><br data-start=\"4746\" data-end=\"4749\" \/>Les pr\u00e9sentes mentions l\u00e9gales peuvent \u00eatre modifi\u00e9es ou compl\u00e9t\u00e9es \u00e0 tout moment.<br data-start=\"4831\" data-end=\"4834\" \/>L\u2019utilisateur est invit\u00e9 \u00e0 les consulter r\u00e9guli\u00e8rement.<\/p>\t\t\t\t\t\t\t\t<\/div>\n\t\t\t\t<\/div>\n\t\t\t\t\t<\/div>\n\t\t<\/div>\n\t\t\t\t\t<\/div>\n\t\t<\/section>\n\t\t\t\t<div class=\"elementor-element elementor-element-06b96c0 elementor-absolute elementor-widget elementor-widget-template\" data-id=\"06b96c0\" data-element_type=\"widget\" data-e-type=\"widget\" data-settings=\"{&quot;_position&quot;:&quot;absolute&quot;}\" data-widget_type=\"template.default\">\n\t\t\t\t<div class=\"elementor-widget-container\">\n\t\t\t\t\t\t\t<div class=\"elementor-template\">\n\t\t\t\t\t<div data-elementor-type=\"section\" data-elementor-id=\"10889\" class=\"elementor elementor-10889\" data-elementor-post-type=\"elementor_library\">\n\t\t\t\t\t<section class=\"elementor-section elementor-top-section elementor-element elementor-element-aff5d0f elementor-section-full_width elementor-section-height-default elementor-section-height-default\" data-id=\"aff5d0f\" data-element_type=\"section\" data-e-type=\"section\" data-settings=\"{&quot;motion_fx_motion_fx_scrolling&quot;:&quot;yes&quot;,&quot;motion_fx_translateY_effect&quot;:&quot;yes&quot;,&quot;motion_fx_translateY_speed&quot;:{&quot;unit&quot;:&quot;px&quot;,&quot;size&quot;:1,&quot;sizes&quot;:[]},&quot;motion_fx_translateY_affectedRange&quot;:{&quot;unit&quot;:&quot;%&quot;,&quot;size&quot;:&quot;&quot;,&quot;sizes&quot;:{&quot;start&quot;:0,&quot;end&quot;:58}},&quot;motion_fx_devices&quot;:[&quot;desktop&quot;]}\">\n\t\t\t\t\t\t<div class=\"elementor-container elementor-column-gap-no\">\n\t\t\t\t\t<div class=\"elementor-column elementor-col-100 elementor-top-column elementor-element elementor-element-70019ce\" data-id=\"70019ce\" data-element_type=\"column\" data-e-type=\"column\">\n\t\t\t<div class=\"elementor-widget-wrap elementor-element-populated\">\n\t\t\t\t\t\t<div class=\"elementor-element elementor-element-6ed649e elementor-widget__width-initial e-transform elementor-absolute elementor-widget elementor-widget-spacer\" data-id=\"6ed649e\" data-element_type=\"widget\" data-e-type=\"widget\" data-settings=\"{&quot;_transform_skewX_effect&quot;:{&quot;unit&quot;:&quot;px&quot;,&quot;size&quot;:-20,&quot;sizes&quot;:[]},&quot;_position&quot;:&quot;absolute&quot;,&quot;_transform_skewX_effect_tablet&quot;:{&quot;unit&quot;:&quot;deg&quot;,&quot;size&quot;:&quot;&quot;,&quot;sizes&quot;:[]},&quot;_transform_skewX_effect_mobile&quot;:{&quot;unit&quot;:&quot;deg&quot;,&quot;size&quot;:&quot;&quot;,&quot;sizes&quot;:[]},&quot;_transform_skewY_effect&quot;:{&quot;unit&quot;:&quot;px&quot;,&quot;size&quot;:&quot;&quot;,&quot;sizes&quot;:[]},&quot;_transform_skewY_effect_tablet&quot;:{&quot;unit&quot;:&quot;deg&quot;,&quot;size&quot;:&quot;&quot;,&quot;sizes&quot;:[]},&quot;_transform_skewY_effect_mobile&quot;:{&quot;unit&quot;:&quot;deg&quot;,&quot;size&quot;:&quot;&quot;,&quot;sizes&quot;:[]}}\" data-widget_type=\"spacer.default\">\n\t\t\t\t<div class=\"elementor-widget-container\">\n\t\t\t\t\t\t\t<div class=\"elementor-spacer\">\n\t\t\t<div class=\"elementor-spacer-inner\"><\/div>\n\t\t<\/div>\n\t\t\t\t\t\t<\/div>\n\t\t\t\t<\/div>\n\t\t\t\t\t<\/div>\n\t\t<\/div>\n\t\t\t\t\t<\/div>\n\t\t<\/section>\n\t\t\t\t<\/div>\n\t\t\t\t<\/div>\n\t\t\t\t\t\t<\/div>\n\t\t\t\t<\/div>\n\t\t\t\t\t<\/div>\n\t\t<\/div>\n\t\t\t\t\t<\/div>\n\t\t<\/section>\n\t\t\t\t<\/div>\n\t\t","protected":false},"excerpt":{"rendered":"<p>Informazioni legali La French Tech Italy.<\/p>","protected":false},"author":1,"featured_media":0,"parent":0,"menu_order":0,"comment_status":"closed","ping_status":"open","template":"","meta":{"footnotes":""},"class_list":["post-3","page","type-page","status-publish","hentry"],"yoast_head":"<!-- This site is optimized with the Yoast SEO plugin v27.4 - https:\/\/yoast.com\/product\/yoast-seo-wordpress\/ -->\n<title>Mentions l\u00e9gales - La French Tech Italy<\/title>\n<meta name=\"description\" content=\"Consultez les mentions l\u00e9gales de La French Tech Italy : \u00e9diteur, h\u00e9bergement, propri\u00e9t\u00e9 intellectuelle, donn\u00e9es personnelles, cookies et responsabilit\u00e9s. Informations officielles et conformit\u00e9 RGPD.\" \/>\n<meta name=\"robots\" content=\"index, follow, max-snippet:-1, max-image-preview:large, max-video-preview:-1\" \/>\n<link rel=\"canonical\" href=\"https:\/\/lafrenchtechitaly.com\/it\/informazioni-legali\/\" \/>\n<meta property=\"og:locale\" content=\"it_IT\" \/>\n<meta property=\"og:type\" content=\"article\" \/>\n<meta property=\"og:title\" content=\"Mentions l\u00e9gales - La French Tech Italy\" \/>\n<meta property=\"og:description\" content=\"Consultez les mentions l\u00e9gales de La French Tech Italy : \u00e9diteur, h\u00e9bergement, propri\u00e9t\u00e9 intellectuelle, donn\u00e9es personnelles, cookies et responsabilit\u00e9s. Informations officielles et conformit\u00e9 RGPD.\" \/>\n<meta property=\"og:url\" content=\"https:\/\/lafrenchtechitaly.com\/it\/informazioni-legali\/\" \/>\n<meta property=\"og:site_name\" content=\"La French Tech Italy\" \/>\n<meta property=\"article:modified_time\" content=\"2025-12-09T08:49:12+00:00\" \/>\n<meta property=\"og:image\" content=\"https:\/\/lafrenchtechitaly.com\/wp-content\/uploads\/2025\/12\/La_French_Tech_Italy_Slider_3.jpg\" \/>\n\t<meta property=\"og:image:width\" content=\"2560\" \/>\n\t<meta property=\"og:image:height\" content=\"1442\" \/>\n\t<meta property=\"og:image:type\" content=\"image\/jpeg\" \/>\n<meta name=\"twitter:card\" content=\"summary_large_image\" \/>\n<meta name=\"twitter:label1\" content=\"Tempo di lettura stimato\" \/>\n\t<meta name=\"twitter:data1\" content=\"4 minuti\" \/>\n<script type=\"application\/ld+json\" class=\"yoast-schema-graph\">{\"@context\":\"https:\\\/\\\/schema.org\",\"@graph\":[{\"@type\":\"WebPage\",\"@id\":\"https:\\\/\\\/lafrenchtechitaly.com\\\/mentions-legales\\\/\",\"url\":\"https:\\\/\\\/lafrenchtechitaly.com\\\/mentions-legales\\\/\",\"name\":\"Mentions l\u00e9gales - La French Tech Italy\",\"isPartOf\":{\"@id\":\"https:\\\/\\\/lafrenchtechitaly.com\\\/#website\"},\"datePublished\":\"2023-06-15T09:47:17+00:00\",\"dateModified\":\"2025-12-09T08:49:12+00:00\",\"description\":\"Consultez les mentions l\u00e9gales de La French Tech Italy : \u00e9diteur, h\u00e9bergement, propri\u00e9t\u00e9 intellectuelle, donn\u00e9es personnelles, cookies et responsabilit\u00e9s. Informations officielles et conformit\u00e9 RGPD.\",\"breadcrumb\":{\"@id\":\"https:\\\/\\\/lafrenchtechitaly.com\\\/mentions-legales\\\/#breadcrumb\"},\"inLanguage\":\"it-IT\",\"potentialAction\":[{\"@type\":\"ReadAction\",\"target\":[\"https:\\\/\\\/lafrenchtechitaly.com\\\/mentions-legales\\\/\"]}]},{\"@type\":\"BreadcrumbList\",\"@id\":\"https:\\\/\\\/lafrenchtechitaly.com\\\/mentions-legales\\\/#breadcrumb\",\"itemListElement\":[{\"@type\":\"ListItem\",\"position\":1,\"name\":\"Accueil\",\"item\":\"https:\\\/\\\/lafrenchtechitaly.com\\\/\"},{\"@type\":\"ListItem\",\"position\":2,\"name\":\"Mentions l\u00e9gales\"}]},{\"@type\":\"WebSite\",\"@id\":\"https:\\\/\\\/lafrenchtechitaly.com\\\/#website\",\"url\":\"https:\\\/\\\/lafrenchtechitaly.com\\\/\",\"name\":\"La French Tech Italy\",\"description\":\"Le r\u00e9seau tech qui unit France et Italie\",\"publisher\":{\"@id\":\"https:\\\/\\\/lafrenchtechitaly.com\\\/#organization\"},\"potentialAction\":[{\"@type\":\"SearchAction\",\"target\":{\"@type\":\"EntryPoint\",\"urlTemplate\":\"https:\\\/\\\/lafrenchtechitaly.com\\\/?s={search_term_string}\"},\"query-input\":{\"@type\":\"PropertyValueSpecification\",\"valueRequired\":true,\"valueName\":\"search_term_string\"}}],\"inLanguage\":\"it-IT\"},{\"@type\":\"Organization\",\"@id\":\"https:\\\/\\\/lafrenchtechitaly.com\\\/#organization\",\"name\":\"La French Tech Italy\",\"url\":\"https:\\\/\\\/lafrenchtechitaly.com\\\/\",\"logo\":{\"@type\":\"ImageObject\",\"inLanguage\":\"it-IT\",\"@id\":\"https:\\\/\\\/lafrenchtechitaly.com\\\/#\\\/schema\\\/logo\\\/image\\\/\",\"url\":\"https:\\\/\\\/lafrenchtechitaly.com\\\/wp-content\\\/uploads\\\/2025\\\/12\\\/LOGO_FT_1.png\",\"contentUrl\":\"https:\\\/\\\/lafrenchtechitaly.com\\\/wp-content\\\/uploads\\\/2025\\\/12\\\/LOGO_FT_1.png\",\"width\":351,\"height\":121,\"caption\":\"La French Tech Italy\"},\"image\":{\"@id\":\"https:\\\/\\\/lafrenchtechitaly.com\\\/#\\\/schema\\\/logo\\\/image\\\/\"},\"sameAs\":[\"https:\\\/\\\/www.linkedin.com\\\/company\\\/la-french-tech-italy\\\/\"]}]}<\/script>\n<!-- \/ Yoast SEO plugin. -->","yoast_head_json":{"title":"Informazioni legali - La French Tech Italia","description":"Consultare le note legali di La French Tech Italy: editore, hosting, propriet\u00e0 intellettuale, dati personali, cookie e responsabilit\u00e0. Informazioni ufficiali e conformit\u00e0 al RGPD.","robots":{"index":"index","follow":"follow","max-snippet":"max-snippet:-1","max-image-preview":"max-image-preview:large","max-video-preview":"max-video-preview:-1"},"canonical":"https:\/\/lafrenchtechitaly.com\/it\/informazioni-legali\/","og_locale":"it_IT","og_type":"article","og_title":"Mentions l\u00e9gales - La French Tech Italy","og_description":"Consultez les mentions l\u00e9gales de La French Tech Italy : \u00e9diteur, h\u00e9bergement, propri\u00e9t\u00e9 intellectuelle, donn\u00e9es personnelles, cookies et responsabilit\u00e9s. Informations officielles et conformit\u00e9 RGPD.","og_url":"https:\/\/lafrenchtechitaly.com\/it\/informazioni-legali\/","og_site_name":"La French Tech Italy","article_modified_time":"2025-12-09T08:49:12+00:00","og_image":[{"width":2560,"height":1442,"url":"https:\/\/lafrenchtechitaly.com\/wp-content\/uploads\/2025\/12\/La_French_Tech_Italy_Slider_3.jpg","type":"image\/jpeg"}],"twitter_card":"summary_large_image","twitter_misc":{"Tempo di lettura stimato":"4 minuti"},"schema":{"@context":"https:\/\/schema.org","@graph":[{"@type":"WebPage","@id":"https:\/\/lafrenchtechitaly.com\/mentions-legales\/","url":"https:\/\/lafrenchtechitaly.com\/mentions-legales\/","name":"Informazioni legali - La French Tech Italia","isPartOf":{"@id":"https:\/\/lafrenchtechitaly.com\/#website"},"datePublished":"2023-06-15T09:47:17+00:00","dateModified":"2025-12-09T08:49:12+00:00","description":"Consultare le note legali di La French Tech Italy: editore, hosting, propriet\u00e0 intellettuale, dati personali, cookie e responsabilit\u00e0. Informazioni ufficiali e conformit\u00e0 al RGPD.","breadcrumb":{"@id":"https:\/\/lafrenchtechitaly.com\/mentions-legales\/#breadcrumb"},"inLanguage":"it-IT","potentialAction":[{"@type":"ReadAction","target":["https:\/\/lafrenchtechitaly.com\/mentions-legales\/"]}]},{"@type":"BreadcrumbList","@id":"https:\/\/lafrenchtechitaly.com\/mentions-legales\/#breadcrumb","itemListElement":[{"@type":"ListItem","position":1,"name":"Accueil","item":"https:\/\/lafrenchtechitaly.com\/"},{"@type":"ListItem","position":2,"name":"Mentions l\u00e9gales"}]},{"@type":"WebSite","@id":"https:\/\/lafrenchtechitaly.com\/#website","url":"https:\/\/lafrenchtechitaly.com\/","name":"La French Tech Italy","description":"La rete tecnologica che unisce Francia e Italia","publisher":{"@id":"https:\/\/lafrenchtechitaly.com\/#organization"},"potentialAction":[{"@type":"SearchAction","target":{"@type":"EntryPoint","urlTemplate":"https:\/\/lafrenchtechitaly.com\/?s={search_term_string}"},"query-input":{"@type":"PropertyValueSpecification","valueRequired":true,"valueName":"search_term_string"}}],"inLanguage":"it-IT"},{"@type":"Organization","@id":"https:\/\/lafrenchtechitaly.com\/#organization","name":"La French Tech Italy","url":"https:\/\/lafrenchtechitaly.com\/","logo":{"@type":"ImageObject","inLanguage":"it-IT","@id":"https:\/\/lafrenchtechitaly.com\/#\/schema\/logo\/image\/","url":"https:\/\/lafrenchtechitaly.com\/wp-content\/uploads\/2025\/12\/LOGO_FT_1.png","contentUrl":"https:\/\/lafrenchtechitaly.com\/wp-content\/uploads\/2025\/12\/LOGO_FT_1.png","width":351,"height":121,"caption":"La French Tech Italy"},"image":{"@id":"https:\/\/lafrenchtechitaly.com\/#\/schema\/logo\/image\/"},"sameAs":["https:\/\/www.linkedin.com\/company\/la-french-tech-italy\/"]}]}},"_links":{"self":[{"href":"https:\/\/lafrenchtechitaly.com\/it\/wp-json\/wp\/v2\/pages\/3","targetHints":{"allow":["GET"]}}],"collection":[{"href":"https:\/\/lafrenchtechitaly.com\/it\/wp-json\/wp\/v2\/pages"}],"about":[{"href":"https:\/\/lafrenchtechitaly.com\/it\/wp-json\/wp\/v2\/types\/page"}],"author":[{"embeddable":true,"href":"https:\/\/lafrenchtechitaly.com\/it\/wp-json\/wp\/v2\/users\/1"}],"replies":[{"embeddable":true,"href":"https:\/\/lafrenchtechitaly.com\/it\/wp-json\/wp\/v2\/comments?post=3"}],"version-history":[{"count":20,"href":"https:\/\/lafrenchtechitaly.com\/it\/wp-json\/wp\/v2\/pages\/3\/revisions"}],"predecessor-version":[{"id":988696,"href":"https:\/\/lafrenchtechitaly.com\/it\/wp-json\/wp\/v2\/pages\/3\/revisions\/988696"}],"wp:attachment":[{"href":"https:\/\/lafrenchtechitaly.com\/it\/wp-json\/wp\/v2\/media?parent=3"}],"curies":[{"name":"wp","href":"https:\/\/api.w.org\/{rel}","templated":true}]}}